{"id":619,"date":"2026-04-20T11:31:56","date_gmt":"2026-04-20T09:31:56","guid":{"rendered":"https:\/\/www.bucik-law.com\/practice-areas-business-immigration\/"},"modified":"2026-05-06T11:22:17","modified_gmt":"2026-05-06T09:22:17","slug":"migrationsrecht","status":"publish","type":"page","link":"https:\/\/www.bucik-law.com\/de\/taetigkeitsbereiche\/migrationsrecht\/","title":{"rendered":"Migrationsrecht"},"content":{"rendered":"<div class=\"wpb-content-wrapper\"><p>[vc_row full_width=&#8221;stretch_row_content_no_spaces&#8221; el_class=&#8221;sp-page-title&#8221;][vc_column]\t\t\n\t\t<div class=\"title-banner\" style=\"background-image: linear-gradient(rgba(0, 0, 0, 0.0),rgba(0, 0, 0, 0.0)),url();\">\n\t\t\t<div class=\"container\">\n\t\t\t\t<div class=\"breadcrumbs-container\">\n\t\t\t\t\t\t<div class=\"breadcrumbs\">\n\t\t\t\t\t\t\t\n\t<ul class=\"ns-breadcrumbs\">\n\t\t\t<li><a href=\"https:\/\/www.bucik-law.com\/de\/\">Home<\/a><\/li>\n\t\t\t\t\t<li><a href=\"https:\/\/www.bucik-law.com\/de\/taetigkeitsbereiche\/\">T\u00e4tigkeitsbereiche<\/a><\/li>\n\t\t\t\t<li>Migrationsrecht<\/li>\n\t<\/ul>\n\t\n\t\t\t\t\t\t\t\t<div class=\"clearfix\"><\/div>\n\t\t\t\t\t\t<\/div>\n\t\t\t\t<\/div>\n\t\t\t\t\t\t\t<\/div>\n\t\t<\/div>\n\n\t\t[\/vc_column][\/vc_row][vc_row gap=&#8221;15&#8243;][vc_column width=&#8221;1\/4&#8243;]\t\n\t\t<nav class=\" sidenav \">\n\t\t<a href=\"https:\/\/www.bucik-law.com\/de\/taetigkeitsbereiche\/\" class=\"sidenav-title \"><h2>T\u00e4tigkeitsbereiche<\/h2><\/a>\n\t\t<ul>\n\t\t<li class=\"page_item page-item-659\"><a href=\"https:\/\/www.bucik-law.com\/de\/taetigkeitsbereiche\/arbeitsrecht\/\">Arbeitsrecht<\/a><\/li>\n<li class=\"page_item page-item-679\"><a href=\"https:\/\/www.bucik-law.com\/de\/taetigkeitsbereiche\/bankrecht-und-finanzrecht\/\">Bank und Finanzrecht, Kapitalmarktrecht<\/a><\/li>\n<li class=\"page_item page-item-655\"><a href=\"https:\/\/www.bucik-law.com\/de\/taetigkeitsbereiche\/eu-recht\/\">Europarecht (EU-Recht)<\/a><\/li>\n<li class=\"page_item page-item-611\"><a href=\"https:\/\/www.bucik-law.com\/de\/taetigkeitsbereiche\/erbrecht\/\">Erbrecht<\/a><\/li>\n<li class=\"page_item page-item-615\"><a href=\"https:\/\/www.bucik-law.com\/de\/taetigkeitsbereiche\/familienrecht\/\">Familienrecht<\/a><\/li>\n<li class=\"page_item page-item-639\"><a href=\"https:\/\/www.bucik-law.com\/de\/taetigkeitsbereiche\/fusionen-und-uebernahmen\/\">Fusionen und \u00dcbernahmen (M&#038;A)<\/a><\/li>\n<li class=\"page_item page-item-647\"><a href=\"https:\/\/www.bucik-law.com\/de\/taetigkeitsbereiche\/geistiges-eigentum\/\">Geistiges Eigentum, gewerblicher Rechtsschutz und Urheberrecht<\/a><\/li>\n<li class=\"page_item page-item-671\"><a href=\"https:\/\/www.bucik-law.com\/de\/taetigkeitsbereiche\/gesellschaftsrecht\/\">Gesellschaftsrecht<\/a><\/li>\n<li class=\"page_item page-item-675\"><a href=\"https:\/\/www.bucik-law.com\/de\/taetigkeitsbereiche\/handelsrecht\/\">Handelsrecht<\/a><\/li>\n<li class=\"page_item page-item-635\"><a href=\"https:\/\/www.bucik-law.com\/de\/taetigkeitsbereiche\/immobilienrecht\/\">Immobilien und Baurecht<\/a><\/li>\n<li class=\"page_item page-item-619\"><a href=\"https:\/\/www.bucik-law.com\/de\/taetigkeitsbereiche\/migrationsrecht\/\">Migrationsrecht<\/a><\/li>\n<li class=\"page_item page-item-631\"><a href=\"https:\/\/www.bucik-law.com\/de\/taetigkeitsbereiche\/restrukturierung-und-insolvenz\/\">Restrukturierung und Insolvenz<\/a><\/li>\n<li class=\"page_item page-item-643\"><a href=\"https:\/\/www.bucik-law.com\/de\/taetigkeitsbereiche\/seerecht\/\">Seerecht<\/a><\/li>\n<li class=\"page_item page-item-627\"><a href=\"https:\/\/www.bucik-law.com\/de\/taetigkeitsbereiche\/steuerrecht\/\">Steuerrecht<\/a><\/li>\n<li class=\"page_item page-item-667\"><a href=\"https:\/\/www.bucik-law.com\/de\/taetigkeitsbereiche\/strafrecht\/\">Strafrecht<\/a><\/li>\n<li class=\"page_item page-item-663\"><a href=\"https:\/\/www.bucik-law.com\/de\/taetigkeitsbereiche\/streitbeilegung-prozessfuehrung-und-schiedsgerichtsbarke\/\">Streitbeilegung, Prozessf\u00fchrung und Schiedsgerichtsbarkeit<\/a><\/li>\n<li class=\"page_item page-item-623\"><a href=\"https:\/\/www.bucik-law.com\/de\/taetigkeitsbereiche\/transportrecht\/\">Transportrecht<\/a><\/li>\n<li class=\"page_item page-item-651\"><a href=\"https:\/\/www.bucik-law.com\/de\/taetigkeitsbereiche\/versicherungsrecht\/\">Versicherungsrecht<\/a><\/li>\n\t   \t<\/ul>\n\t<\/nav>\n\t\n\t[\/vc_column][vc_column width=&#8221;3\/4&#8243;]\n\t\t<div class=\"title-banner product-title-banner\" style=\"background-image: url();\">\n\t\t\t<div class=\"container\">\n\t\t\t\t<h1 class=\"entry-title\">Migrationsrecht<\/h1>\n\n\t\t\t\t\t\t\t<\/div>\n\t\t<\/div>\n\n\t\t[vc_column_text css=&#8221;&#8221; el_class=&#8221;custom-bullets&#8221;]<\/p>\n<h2>Ausgew\u00e4hlte Mandate<\/h2>\n<ul>\n<li>Vertretung von Mitarbeitern eines slowenischen Unternehmens, Nicht-EU-B\u00fcrgern, die ohne Van-der-Elst-Visum in Deutschland arbeiteten, in einem Verwaltungsverfahren wegen Abschiebung aus Deutschland und Einreiseverbots nach Deutschland.<\/li>\n<li>Verteidigung der Gesch\u00e4ftsf\u00fchrerin eines slowenischen Bauunternehmens in einem Ermittlungsverfahren deutscher Strafverfolgungsbeh\u00f6rden wegen Beihilfe zum Vorenthalten und Veruntreuen von Arbeitsentgelt in besonders schweren F\u00e4llen in Zusammenhang mit der Entsendung der Mitarbeiter aus Slowenien nach Deutschland.<\/li>\n<li>Beratung und Vertretung eines deutschen Bauunternehmers bei der Gr\u00fcndung eines Bauunternehmens in Slowenien und der Durchf\u00fchrung seines Baugesch\u00e4fts in Slowenien und Deutschland: Beratung im Baurecht, im Gesellschafts-, Handels-, Arbeits-, EU- und Einwanderungsrecht sowie im Finanz- und Steuerrecht.<\/li>\n<li>Beratung des f\u00fchrenden slowenischen Herstellers von offset-bedruckten Kartonagen zu gesellschafts- und steuerrechtlichen Fragestellungen bez\u00fcglich der Handelsvertretung in Deutschland sowie zu Arbeits-, Aufenthalts- und Steuerstatus seines Repr\u00e4sentanten in Deutschland, eines slowenischen Staatsangeh\u00f6rigen. Die Beratung schloss slowenisches, deutsches und EU Recht ein.<\/li>\n<li>Beratung eines Hongkonger Unternehmer bez\u00fcglich der Migration nach Slowenien und \u00d6sterreich; u.a. Beratung zu aufenthalts-, arbeits- und gesellschaftsrechtlichen Fragen.<\/li>\n<li>Beratung eines russisch-israelischen Unternehmers bez\u00fcglich der Migration nach Slowenien und Deutschland; u.a. Beratung zu aufenthalts-, arbeits- und gesellschaftsrechtlichen Fragen.<\/li>\n<li>Beratung eines chinesisch-amerikanischen Unternehmers im Zusammenhang mit der Gr\u00fcndung einer Immobilien-Finanzierungsgesellschaft in Slowenien und innovativen kapitalmarktrechtlichen Transaktionen; Beratung zu kapitalmarkt-, gesellschafts- und steuerrechtlichen Fragen sowie zu immigrations-, aufenthalts- und arbeitsrechtlichen Fragen.<\/li>\n<li>Beratung eines russischen Unternehmers bei der Aufl\u00f6sung seines Unternehmens in Slowenien zu gesellschaftsrechtlichen, aufenthaltsrechtlichen, arbeitsrechtlichen, finanz- und steuerrechtlichen Fragestellungen.<\/li>\n<li>Beratung mehrerer chinesischer Investoren im Zusammenhang mit der Business-Immigration nach Slowenien, unter anderen zu Visa und Aufenthaltsgenehmigungen, Staatsb\u00fcrgerschaft und Familienzusammenf\u00fchrung, zu Gesellschaftsgr\u00fcndung und Verwaltung, sowie zu arbeits-, immobilien- und steuerrechtlichen Fragen.<\/li>\n<li>Beratung eines Investors aus dem Mittleren Osten bez\u00fcglich der Gesch\u00e4ftsgr\u00fcndung in Slowenien, unter anderen zu gesellschafts-, visa-, aufenthalts-, arbeits-, immobilien- und steuerrechtlichen Fragen, sowie zu Familienzusammenf\u00fchrung.<\/li>\n<li>Beratung und Vertretung eines deutschen Bauunternehmens bei der Gr\u00fcndung eines Unternehmens in Slowenien und der Durchf\u00fchrung seines Baugesch\u00e4fts in Slowenien und in Deutschland: Beratung im Gesellschafts- und Handelsrecht sowie im Immobilien-, Finanz-, Steuer-, Arbeits- und Einwanderungsrecht.<\/li>\n<li>Beratung mehrerer Drittstaatsangeh\u00f6riger im Zusammenhang mit der Business-Migration nach verschiedenen europ\u00e4ischen L\u00e4ndern, darunter Gro\u00dfbritannien, Deutschland, Luxemburg, \u00d6sterreich, Italien und Slowenien; Beratung zu Visa und Aufenthalt, Staatsb\u00fcrgerschaft und Familienzuwanderung, zu Gesellschaftsgr\u00fcndung und Verwaltung, sowie zu arbeits-, immobilien- und steuerrechtlichen Fragestellungen.<\/li>\n<li>Beratung eines ukrainischen Investors bei der Business-Immigration nach Slowenien und Gr\u00fcndung von Medien- und Tourismusunternehmen.<\/li>\n<li>Beratung eines russischen Unternehmers zur Business-Immigration nach Slowenien und Bankgr\u00fcndung in Slowenien.<\/li>\n<\/ul>\n<p>[\/vc_column_text][\/vc_column][\/vc_row]<\/p>\n<\/div>","protected":false},"excerpt":{"rendered":"<p>[vc_row full_width=&#8221;stretch_row_content_no_spaces&#8221; el_class=&#8221;sp-page-title&#8221;][vc_column][\/vc_column][\/vc_row][vc_row gap=&#8221;15&#8243;][vc_column width=&#8221;1\/4&#8243;][\/vc_column][vc_column width=&#8221;3\/4&#8243;][vc_column_text css=&#8221;&#8221; el_class=&#8221;custom-bullets&#8221;] Ausgew\u00e4hlte Mandate Vertretung von Mitarbeitern eines slowenischen Unternehmens, Nicht-EU-B\u00fcrgern, die ohne Van-der-Elst-Visum in Deutschland arbeiteten, in einem Verwaltungsverfahren wegen Abschiebung aus Deutschland und Einreiseverbots nach Deutschland. Verteidigung der Gesch\u00e4ftsf\u00fchrerin eines slowenischen Bauunternehmens in einem Ermittlungsverfahren deutscher Strafverfolgungsbeh\u00f6rden wegen Beihilfe zum Vorenthalten und Veruntreuen von Arbeitsentgelt in besonders schweren F\u00e4llen in Zusammenhang mit der Entsendung der Mitarbeiter aus Slowenien nach Deutschland. Beratung und Vertretung eines deutschen Bauunternehmers bei der Gr\u00fcndung eines Bauunternehmens in Slowenien und der Durchf\u00fchrung seines Baugesch\u00e4fts in Slowenien und Deutschland: Beratung im Baurecht, im Gesellschafts-, Handels-, Arbeits-, EU- und Einwanderungsrecht sowie im Finanz- und Steuerrecht. Beratung des f\u00fchrenden slowenischen Herstellers von offset-bedruckten Kartonagen zu gesellschafts- und steuerrechtlichen Fragestellungen bez\u00fcglich der [&hellip;]<\/p>\n","protected":false},"author":1,"featured_media":0,"parent":703,"menu_order":10,"comment_status":"closed","ping_status":"closed","template":"","meta":{"_acf_changed":false,"footnotes":""},"class_list":["post-619","page","type-page","status-publish","hentry"],"acf":[],"yoast_head":"<!-- This site is optimized with the Yoast SEO plugin v24.4 - https:\/\/yoast.com\/wordpress\/plugins\/seo\/ -->\n<title>Rechtsanwaltskanzlei Bucik | Migrationsrecht<\/title>\n<meta name=\"description\" content=\"Ausgew\u00e4hlte Mandate Vertretung von Mitarbeitern eines slowenischen Unternehmens, Nicht-EU-B\u00fcrgern, die ohne Van-der-Elst-Visum in Deutschland arbeiteten, in einem Verwaltungsverfahren wegen Abschiebung aus Deutschland und Einreiseverbots nach Deutschland. Verteidigung der Gesch\u00e4ftsf\u00fchrerin eines\" \/>\n<meta name=\"robots\" content=\"index, follow, max-snippet:-1, max-image-preview:large, max-video-preview:-1\" \/>\n<link rel=\"canonical\" href=\"https:\/\/www.bucik-law.com\/practice-areas\/practice-areas-business-immigration\/\" \/>\n<meta property=\"og:locale\" content=\"de_DE\" \/>\n<meta property=\"og:type\" content=\"article\" \/>\n<meta property=\"og:title\" content=\"Rechtsanwaltskanzlei Bucik | Migrationsrecht\" \/>\n<meta property=\"og:description\" content=\"[vc_row full_width=&#8221;stretch_row_content_no_spaces&#8221; el_class=&#8221;sp-page-title&#8221;][vc_column][\/vc_column][\/vc_row][vc_row gap=&#8221;15&#8243;][vc_column width=&#8221;1\/4&#8243;][\/vc_column][vc_column width=&#8221;3\/4&#8243;][vc_column_text css=&#8221;&#8221; el_class=&#8221;custom-bullets&#8221;] Ausgew\u00e4hlte Mandate Vertretung von Mitarbeitern eines slowenischen Unternehmens, Nicht-EU-B\u00fcrgern, die ohne Van-der-Elst-Visum in Deutschland arbeiteten, in einem Verwaltungsverfahren wegen Abschiebung aus Deutschland und Einreiseverbots nach Deutschland. Verteidigung der Gesch\u00e4ftsf\u00fchrerin eines slowenischen Bauunternehmens in einem Ermittlungsverfahren deutscher Strafverfolgungsbeh\u00f6rden wegen Beihilfe zum Vorenthalten und Veruntreuen von Arbeitsentgelt in besonders schweren F\u00e4llen in Zusammenhang mit der Entsendung der Mitarbeiter aus Slowenien nach Deutschland. Beratung und Vertretung eines deutschen Bauunternehmers bei der Gr\u00fcndung eines Bauunternehmens in Slowenien und der Durchf\u00fchrung seines Baugesch\u00e4fts in Slowenien und Deutschland: Beratung im Baurecht, im Gesellschafts-, Handels-, Arbeits-, EU- und Einwanderungsrecht sowie im Finanz- und Steuerrecht. Beratung des f\u00fchrenden slowenischen Herstellers von offset-bedruckten Kartonagen zu gesellschafts- und steuerrechtlichen Fragestellungen bez\u00fcglich der [&hellip;]\" \/>\n<meta property=\"og:url\" content=\"https:\/\/www.bucik-law.com\/practice-areas\/practice-areas-business-immigration\/\" \/>\n<meta property=\"og:site_name\" content=\"Rechtsanwaltskanzlei Bucik\" \/>\n<meta property=\"article:modified_time\" content=\"2026-05-06T09:22:17+00:00\" \/>\n<meta name=\"twitter:card\" content=\"summary_large_image\" \/>\n<meta name=\"twitter:label1\" content=\"Gesch\u00e4tzte Lesezeit\" \/>\n\t<meta name=\"twitter:data1\" content=\"2 minutes\" \/>\n<script type=\"application\/ld+json\" class=\"yoast-schema-graph\">{\"@context\":\"https:\/\/schema.org\",\"@graph\":[{\"@type\":\"WebPage\",\"@id\":\"https:\/\/www.bucik-law.com\/practice-areas\/practice-areas-business-immigration\/\",\"url\":\"https:\/\/www.bucik-law.com\/practice-areas\/practice-areas-business-immigration\/\",\"name\":\"Rechtsanwaltskanzlei Bucik | Migrationsrecht\",\"isPartOf\":{\"@id\":\"https:\/\/www.bucik-law.com\/#website\"},\"datePublished\":\"2026-04-20T09:31:56+00:00\",\"dateModified\":\"2026-05-06T09:22:17+00:00\",\"breadcrumb\":{\"@id\":\"https:\/\/www.bucik-law.com\/practice-areas\/practice-areas-business-immigration\/#breadcrumb\"},\"inLanguage\":\"de-DE\",\"potentialAction\":[{\"@type\":\"ReadAction\",\"target\":[\"https:\/\/www.bucik-law.com\/practice-areas\/practice-areas-business-immigration\/\"]}]},{\"@type\":\"BreadcrumbList\",\"@id\":\"https:\/\/www.bucik-law.com\/practice-areas\/practice-areas-business-immigration\/#breadcrumb\",\"itemListElement\":[{\"@type\":\"ListItem\",\"position\":1,\"name\":\"Home\",\"item\":\"https:\/\/www.bucik-law.com\/de\/\"},{\"@type\":\"ListItem\",\"position\":2,\"name\":\"T\u00e4tigkeitsbereiche\",\"item\":\"https:\/\/www.bucik-law.com\/de\/taetigkeitsbereiche\/\"},{\"@type\":\"ListItem\",\"position\":3,\"name\":\"Migrationsrecht\"}]},{\"@type\":\"WebSite\",\"@id\":\"https:\/\/www.bucik-law.com\/#website\",\"url\":\"https:\/\/www.bucik-law.com\/\",\"name\":\"Rechtsanwaltskanzlei Bucik\",\"description\":\"\",\"potentialAction\":[{\"@type\":\"SearchAction\",\"target\":{\"@type\":\"EntryPoint\",\"urlTemplate\":\"https:\/\/www.bucik-law.com\/?s={search_term_string}\"},\"query-input\":{\"@type\":\"PropertyValueSpecification\",\"valueRequired\":true,\"valueName\":\"search_term_string\"}}],\"inLanguage\":\"de-DE\"}]}<\/script>\n<!-- \/ Yoast SEO plugin. -->","yoast_head_json":{"title":"Rechtsanwaltskanzlei Bucik | Migrationsrecht","description":"Ausgew\u00e4hlte Mandate Vertretung von Mitarbeitern eines slowenischen Unternehmens, Nicht-EU-B\u00fcrgern, die ohne Van-der-Elst-Visum in Deutschland arbeiteten, in einem Verwaltungsverfahren wegen Abschiebung aus Deutschland und Einreiseverbots nach Deutschland. Verteidigung der Gesch\u00e4ftsf\u00fchrerin eines","robots":{"index":"index","follow":"follow","max-snippet":"max-snippet:-1","max-image-preview":"max-image-preview:large","max-video-preview":"max-video-preview:-1"},"canonical":"https:\/\/www.bucik-law.com\/practice-areas\/practice-areas-business-immigration\/","og_locale":"de_DE","og_type":"article","og_title":"Rechtsanwaltskanzlei Bucik | Migrationsrecht","og_description":"[vc_row full_width=&#8221;stretch_row_content_no_spaces&#8221; el_class=&#8221;sp-page-title&#8221;][vc_column][\/vc_column][\/vc_row][vc_row gap=&#8221;15&#8243;][vc_column width=&#8221;1\/4&#8243;][\/vc_column][vc_column width=&#8221;3\/4&#8243;][vc_column_text css=&#8221;&#8221; el_class=&#8221;custom-bullets&#8221;] Ausgew\u00e4hlte Mandate Vertretung von Mitarbeitern eines slowenischen Unternehmens, Nicht-EU-B\u00fcrgern, die ohne Van-der-Elst-Visum in Deutschland arbeiteten, in einem Verwaltungsverfahren wegen Abschiebung aus Deutschland und Einreiseverbots nach Deutschland. Verteidigung der Gesch\u00e4ftsf\u00fchrerin eines slowenischen Bauunternehmens in einem Ermittlungsverfahren deutscher Strafverfolgungsbeh\u00f6rden wegen Beihilfe zum Vorenthalten und Veruntreuen von Arbeitsentgelt in besonders schweren F\u00e4llen in Zusammenhang mit der Entsendung der Mitarbeiter aus Slowenien nach Deutschland. Beratung und Vertretung eines deutschen Bauunternehmers bei der Gr\u00fcndung eines Bauunternehmens in Slowenien und der Durchf\u00fchrung seines Baugesch\u00e4fts in Slowenien und Deutschland: Beratung im Baurecht, im Gesellschafts-, Handels-, Arbeits-, EU- und Einwanderungsrecht sowie im Finanz- und Steuerrecht. Beratung des f\u00fchrenden slowenischen Herstellers von offset-bedruckten Kartonagen zu gesellschafts- und steuerrechtlichen Fragestellungen bez\u00fcglich der [&hellip;]","og_url":"https:\/\/www.bucik-law.com\/practice-areas\/practice-areas-business-immigration\/","og_site_name":"Rechtsanwaltskanzlei Bucik","article_modified_time":"2026-05-06T09:22:17+00:00","twitter_card":"summary_large_image","twitter_misc":{"Gesch\u00e4tzte Lesezeit":"2 minutes"},"schema":{"@context":"https:\/\/schema.org","@graph":[{"@type":"WebPage","@id":"https:\/\/www.bucik-law.com\/practice-areas\/practice-areas-business-immigration\/","url":"https:\/\/www.bucik-law.com\/practice-areas\/practice-areas-business-immigration\/","name":"Rechtsanwaltskanzlei Bucik | Migrationsrecht","isPartOf":{"@id":"https:\/\/www.bucik-law.com\/#website"},"datePublished":"2026-04-20T09:31:56+00:00","dateModified":"2026-05-06T09:22:17+00:00","breadcrumb":{"@id":"https:\/\/www.bucik-law.com\/practice-areas\/practice-areas-business-immigration\/#breadcrumb"},"inLanguage":"de-DE","potentialAction":[{"@type":"ReadAction","target":["https:\/\/www.bucik-law.com\/practice-areas\/practice-areas-business-immigration\/"]}]},{"@type":"BreadcrumbList","@id":"https:\/\/www.bucik-law.com\/practice-areas\/practice-areas-business-immigration\/#breadcrumb","itemListElement":[{"@type":"ListItem","position":1,"name":"Home","item":"https:\/\/www.bucik-law.com\/de\/"},{"@type":"ListItem","position":2,"name":"T\u00e4tigkeitsbereiche","item":"https:\/\/www.bucik-law.com\/de\/taetigkeitsbereiche\/"},{"@type":"ListItem","position":3,"name":"Migrationsrecht"}]},{"@type":"WebSite","@id":"https:\/\/www.bucik-law.com\/#website","url":"https:\/\/www.bucik-law.com\/","name":"Rechtsanwaltskanzlei Bucik","description":"","potentialAction":[{"@type":"SearchAction","target":{"@type":"EntryPoint","urlTemplate":"https:\/\/www.bucik-law.com\/?s={search_term_string}"},"query-input":{"@type":"PropertyValueSpecification","valueRequired":true,"valueName":"search_term_string"}}],"inLanguage":"de-DE"}]}},"_links":{"self":[{"href":"https:\/\/www.bucik-law.com\/de\/wp-json\/wp\/v2\/pages\/619","targetHints":{"allow":["GET"]}}],"collection":[{"href":"https:\/\/www.bucik-law.com\/de\/wp-json\/wp\/v2\/pages"}],"about":[{"href":"https:\/\/www.bucik-law.com\/de\/wp-json\/wp\/v2\/types\/page"}],"author":[{"embeddable":true,"href":"https:\/\/www.bucik-law.com\/de\/wp-json\/wp\/v2\/users\/1"}],"replies":[{"embeddable":true,"href":"https:\/\/www.bucik-law.com\/de\/wp-json\/wp\/v2\/comments?post=619"}],"version-history":[{"count":0,"href":"https:\/\/www.bucik-law.com\/de\/wp-json\/wp\/v2\/pages\/619\/revisions"}],"up":[{"embeddable":true,"href":"https:\/\/www.bucik-law.com\/de\/wp-json\/wp\/v2\/pages\/703"}],"wp:attachment":[{"href":"https:\/\/www.bucik-law.com\/de\/wp-json\/wp\/v2\/media?parent=619"}],"curies":[{"name":"wp","href":"https:\/\/api.w.org\/{rel}","templated":true}]}}