{"id":687,"date":"2026-04-17T10:22:10","date_gmt":"2026-04-17T08:22:10","guid":{"rendered":"https:\/\/www.bucik-law.com\/private-client\/"},"modified":"2026-05-11T11:57:33","modified_gmt":"2026-05-11T09:57:33","slug":"private-client","status":"publish","type":"page","link":"https:\/\/www.bucik-law.com\/de\/private-client\/","title":{"rendered":"Private Client"},"content":{"rendered":"<div class=\"wpb-content-wrapper\"><p>[vc_row full_width=&#8221;stretch_row_content_no_spaces&#8221; el_class=&#8221;sp-page-title&#8221;][vc_column]\t\t\n\t\t<div class=\"title-banner\" style=\"background-image: linear-gradient(rgba(0, 0, 0, 0.0),rgba(0, 0, 0, 0.0)),url();\">\n\t\t\t<div class=\"container\">\n\t\t\t\t<div class=\"breadcrumbs-container\">\n\t\t\t\t\t\t<div class=\"breadcrumbs\">\n\t\t\t\t\t\t\t\n\t<ul class=\"ns-breadcrumbs\">\n\t\t\t<li><a href=\"https:\/\/www.bucik-law.com\/de\/\">Home<\/a><\/li>\n\t\t\t\t<li>Private Client<\/li>\n\t<\/ul>\n\t\n\t\t\t\t\t\t\t\t<div class=\"clearfix\"><\/div>\n\t\t\t\t\t\t<\/div>\n\t\t\t\t<\/div>\n\t\t\t\t\t\t\t\t\t<h1 class=\"entry-title\">Private Client<\/h1>\n\t\t\t\t\t\t\t<\/div>\n\t\t<\/div>\n\n\t\t[\/vc_column][\/vc_row][vc_row][vc_column][vc_column_text css=&#8221;&#8221;]<\/p>\n<p class=\"plain\">Privatkunden standen schon immer im Mittelpunkt unserer Praxis. Seit Jahrzehnten bietet die Rechtsanwaltskanzlei Bucik kompetente und pragmatische Beratung f\u00fcr Privatpersonen und ihre Familien.<\/p>\n<p class=\"plain\">Die Rechtsanwaltskanzlei Bucik ber\u00e4t in vielf\u00e4ltigen Bereichen, die individuelle Kunden \u00a0betreffen. Das Kernelement unserer Arbeit ist die Unterst\u00fctzung der Mandanten bei der Verwaltung und Erhaltung ihres Verm\u00f6gens, zu ihren Gunsten sowie zugunsten k\u00fcnftiger Generationen.<\/p>\n<p class=\"plain\">Viele Mandanten unserer Kanzlei haben komplexe Gesch\u00e4ftsinteressen und Ihr Verm\u00f6gen ist weltweit verstreut. F\u00fcr sie agieren wir regelm\u00e4\u00dfig als einziger Kontaktpunkt und koordinieren ihre Rechtsangelegenheiten in verschiedenen Jurisdiktionen.<\/p>\n<p class=\"plain\">Die Familliendynamik hat sich wesentlich ver\u00e4ndert in den letzten Jahrzehnten. Steigende Scheidungsraten, zivile Partnerschaften, mehr Kinder unverheirateter Paare, mehr zweit- und Drittfamilien; all das hat zu einem ausgefeilten und nuancierten Ansatz zur Behandlung von Rechtsfragen der Beziehungen beigetragen.<\/p>\n<p>[\/vc_column_text][vc_column_text css=&#8221;&#8221;]<\/p>\n<h3>Unsere Private Client Leistungen beinhalten:<\/h3>\n<p>[\/vc_column_text][vc_row_inner][vc_column_inner el_class=&#8221;c1&#8243;][vc_column_text css=&#8221;&#8221;]<\/p>\n<ul>\n<li>Steuer-, Treuhand- und Verm\u00f6gens- Planung, Verwaltung und Strukturierung, Offshore- Holdings und Treuhand<\/li>\n<li>Immobilien, Wohn- und Gesch\u00e4ftsimmobilien<\/li>\n<li>Flugzeuge, Yachten und Luxuswagen<\/li>\n<li>Nachfolgeplanung<\/li>\n<li>Erbrecht und Testamente<\/li>\n<li>Familienrecht, Eherecht, Scheidungen und Kinder<\/li>\n<li>Einwanderung, Visum, Aufenthalt und Staatsb\u00fcrgerschaft<\/li>\n<li>Arbeitsrecht<\/li>\n<li>Schadenersatzforderungen<\/li>\n<li>Pers\u00f6nliche finanzielle Schwierigkeiten<\/li>\n<li>Verleumdung und Beleidigung, Reputationmanagement, Ehrenschutzanspr\u00fcche, Datenschutz<\/li>\n<li>Strafrechtsberatung; wir sind als Strafverteidiger wie auch als Vertreter von Straftatopfern t\u00e4tig<\/li>\n<\/ul>\n<p>[\/vc_column_text][\/vc_column_inner][\/vc_row_inner][vc_column_text css=&#8221;&#8221;]In Streitf\u00e4llen k\u00f6nnen sich Mandanten auf umfassende Erfahrung unserer Anw\u00e4lte im Bereich der Prozessf\u00fchrung verlassen. Wir liefern l\u00f6sungsorientierte Leistungen und bearbeiten effektiv auch schwierige und sensitive F\u00e4lle. Viele haben grenz\u00fcberschreitende Dimensionen und auch bei der Bestimmung des anwendbaren Rechts und des zust\u00e4ndigen Gerichts k\u00f6nnen wir kompetent beraten.[\/vc_column_text][\/vc_column][\/vc_row][vc_row][vc_column]          \n\n    \n        \n\n\n                <div class=\"subcat-wrap subcat-wrap-slider\" id=\"6a06e4e9ac347\">\n    \n\n                        <div class=\"subcat-cont\">\n              <div class=\"\">\n                <div>\n                    <a href=\"https:\/\/www.bucik-law.com\/de\/taetigkeitsbereiche\/arbeitsrecht\/\" class=\"\">\n                      \n                      <div class=\"text\">\n                        <h3>Arbeitsrecht<\/h3>                        <svg width=\"21\" height=\"21\" viewBox=\"0 0 21 21\" fill=\"none\" xmlns=\"http:\/\/www.w3.org\/2000\/svg\">\n<path d=\"M0.5 20.5L20.5 0.5M20.5 0.5V20.5M20.5 0.5H0.5\" stroke=\"#213A5D\" stroke-linecap=\"round\" stroke-linejoin=\"round\"\/>\n<\/svg>                      <\/div>\n                    \n                    <\/a> \n                <\/div>\n              <\/div>\n            <\/div>\n                        <div class=\"subcat-cont\">\n              <div class=\"\">\n                <div>\n                    <a href=\"https:\/\/www.bucik-law.com\/de\/taetigkeitsbereiche\/erbrecht\/\" class=\"\">\n                      \n                      <div class=\"text\">\n                        <h3>Erbrecht<\/h3>                        <svg width=\"21\" height=\"21\" viewBox=\"0 0 21 21\" fill=\"none\" xmlns=\"http:\/\/www.w3.org\/2000\/svg\">\n<path d=\"M0.5 20.5L20.5 0.5M20.5 0.5V20.5M20.5 0.5H0.5\" stroke=\"#213A5D\" stroke-linecap=\"round\" stroke-linejoin=\"round\"\/>\n<\/svg>                      <\/div>\n                    \n                    <\/a> \n                <\/div>\n              <\/div>\n            <\/div>\n                        <div class=\"subcat-cont\">\n              <div class=\"\">\n                <div>\n                    <a href=\"https:\/\/www.bucik-law.com\/de\/taetigkeitsbereiche\/familienrecht\/\" class=\"\">\n                      \n                      <div class=\"text\">\n                        <h3>Familienrecht<\/h3>                        <svg width=\"21\" height=\"21\" viewBox=\"0 0 21 21\" fill=\"none\" xmlns=\"http:\/\/www.w3.org\/2000\/svg\">\n<path d=\"M0.5 20.5L20.5 0.5M20.5 0.5V20.5M20.5 0.5H0.5\" stroke=\"#213A5D\" stroke-linecap=\"round\" stroke-linejoin=\"round\"\/>\n<\/svg>                      <\/div>\n                    \n                    <\/a> \n                <\/div>\n              <\/div>\n            <\/div>\n                        <div class=\"subcat-cont\">\n              <div class=\"\">\n                <div>\n                    <a href=\"https:\/\/www.bucik-law.com\/de\/taetigkeitsbereiche\/immobilienrecht\/\" class=\"\">\n                      \n                      <div class=\"text\">\n                        <h3>Immobilien und Baurecht<\/h3>                        <svg width=\"21\" height=\"21\" viewBox=\"0 0 21 21\" fill=\"none\" xmlns=\"http:\/\/www.w3.org\/2000\/svg\">\n<path d=\"M0.5 20.5L20.5 0.5M20.5 0.5V20.5M20.5 0.5H0.5\" stroke=\"#213A5D\" stroke-linecap=\"round\" stroke-linejoin=\"round\"\/>\n<\/svg>                      <\/div>\n                    \n                    <\/a> \n                <\/div>\n              <\/div>\n            <\/div>\n                        <div class=\"subcat-cont\">\n              <div class=\"\">\n                <div>\n                    <a href=\"https:\/\/www.bucik-law.com\/de\/taetigkeitsbereiche\/migrationsrecht\/\" class=\"\">\n                      \n                      <div class=\"text\">\n                        <h3>Migrationsrecht<\/h3>                        <svg width=\"21\" height=\"21\" viewBox=\"0 0 21 21\" fill=\"none\" xmlns=\"http:\/\/www.w3.org\/2000\/svg\">\n<path d=\"M0.5 20.5L20.5 0.5M20.5 0.5V20.5M20.5 0.5H0.5\" stroke=\"#213A5D\" stroke-linecap=\"round\" stroke-linejoin=\"round\"\/>\n<\/svg>                      <\/div>\n                    \n                    <\/a> \n                <\/div>\n              <\/div>\n            <\/div>\n                        <div class=\"subcat-cont\">\n              <div class=\"\">\n                <div>\n                    <a href=\"https:\/\/www.bucik-law.com\/de\/taetigkeitsbereiche\/steuerrecht\/\" class=\"\">\n                      \n                      <div class=\"text\">\n                        <h3>Steuerrecht<\/h3>                        <svg width=\"21\" height=\"21\" viewBox=\"0 0 21 21\" fill=\"none\" xmlns=\"http:\/\/www.w3.org\/2000\/svg\">\n<path d=\"M0.5 20.5L20.5 0.5M20.5 0.5V20.5M20.5 0.5H0.5\" stroke=\"#213A5D\" stroke-linecap=\"round\" stroke-linejoin=\"round\"\/>\n<\/svg>                      <\/div>\n                    \n                    <\/a> \n                <\/div>\n              <\/div>\n            <\/div>\n                        <div class=\"subcat-cont\">\n              <div class=\"\">\n                <div>\n                    <a href=\"https:\/\/www.bucik-law.com\/de\/taetigkeitsbereiche\/strafrecht\/\" class=\"\">\n                      \n                      <div class=\"text\">\n                        <h3>Strafrecht<\/h3>                        <svg width=\"21\" height=\"21\" viewBox=\"0 0 21 21\" fill=\"none\" xmlns=\"http:\/\/www.w3.org\/2000\/svg\">\n<path d=\"M0.5 20.5L20.5 0.5M20.5 0.5V20.5M20.5 0.5H0.5\" stroke=\"#213A5D\" stroke-linecap=\"round\" stroke-linejoin=\"round\"\/>\n<\/svg>                      <\/div>\n                    \n                    <\/a> \n                <\/div>\n              <\/div>\n            <\/div>\n                    <\/div>\n        \n\n\n\n\n  \n\n    \n        [\/vc_column][\/vc_row][vc_row][vc_column][vc_empty_space][\/vc_column][\/vc_row]<\/p>\n<\/div>","protected":false},"excerpt":{"rendered":"<p>[vc_row full_width=&#8221;stretch_row_content_no_spaces&#8221; el_class=&#8221;sp-page-title&#8221;][vc_column][\/vc_column][\/vc_row][vc_row][vc_column][vc_column_text css=&#8221;&#8221;] Privatkunden standen schon immer im Mittelpunkt unserer Praxis. Seit Jahrzehnten bietet die Rechtsanwaltskanzlei Bucik kompetente und pragmatische Beratung f\u00fcr Privatpersonen und ihre Familien. Die Rechtsanwaltskanzlei Bucik ber\u00e4t in vielf\u00e4ltigen Bereichen, die individuelle Kunden \u00a0betreffen. Das Kernelement unserer Arbeit ist die Unterst\u00fctzung der Mandanten bei der Verwaltung und Erhaltung ihres Verm\u00f6gens, zu ihren Gunsten sowie zugunsten k\u00fcnftiger Generationen. Viele Mandanten unserer Kanzlei haben komplexe Gesch\u00e4ftsinteressen und Ihr Verm\u00f6gen ist weltweit verstreut. F\u00fcr sie agieren wir regelm\u00e4\u00dfig als einziger Kontaktpunkt und koordinieren ihre Rechtsangelegenheiten in verschiedenen Jurisdiktionen. Die Familliendynamik hat sich wesentlich ver\u00e4ndert in den letzten Jahrzehnten. Steigende Scheidungsraten, zivile Partnerschaften, mehr Kinder unverheirateter Paare, mehr zweit- und Drittfamilien; all das hat zu einem ausgefeilten und nuancierten Ansatz [&hellip;]<\/p>\n","protected":false},"author":1,"featured_media":0,"parent":0,"menu_order":3,"comment_status":"closed","ping_status":"closed","template":"","meta":{"_acf_changed":false,"footnotes":""},"class_list":["post-687","page","type-page","status-publish","hentry"],"acf":[],"yoast_head":"<!-- This site is optimized with the Yoast SEO plugin v24.4 - https:\/\/yoast.com\/wordpress\/plugins\/seo\/ -->\n<title>Rechtsanwaltskanzlei Bucik | Private Client<\/title>\n<meta name=\"description\" content=\"Privatkunden standen schon immer im Mittelpunkt unserer Praxis. Seit Jahrzehnten bietet die Rechtsanwaltskanzlei Bucik kompetente und pragmatische Beratung f\u00fcr Privatpersonen und ihre Familien. Die Rechtsanwaltskanzlei Bucik ber\u00e4t in vielf\u00e4ltigen Bereichen,\" \/>\n<meta name=\"robots\" content=\"index, follow, max-snippet:-1, max-image-preview:large, max-video-preview:-1\" \/>\n<link rel=\"canonical\" href=\"https:\/\/www.bucik-law.com\/private-client\/\" \/>\n<meta property=\"og:locale\" content=\"de_DE\" \/>\n<meta property=\"og:type\" content=\"article\" \/>\n<meta property=\"og:title\" content=\"Rechtsanwaltskanzlei Bucik | Private Client\" \/>\n<meta property=\"og:description\" content=\"[vc_row full_width=&#8221;stretch_row_content_no_spaces&#8221; el_class=&#8221;sp-page-title&#8221;][vc_column][\/vc_column][\/vc_row][vc_row][vc_column][vc_column_text css=&#8221;&#8221;] Privatkunden standen schon immer im Mittelpunkt unserer Praxis. Seit Jahrzehnten bietet die Rechtsanwaltskanzlei Bucik kompetente und pragmatische Beratung f\u00fcr Privatpersonen und ihre Familien. Die Rechtsanwaltskanzlei Bucik ber\u00e4t in vielf\u00e4ltigen Bereichen, die individuelle Kunden \u00a0betreffen. Das Kernelement unserer Arbeit ist die Unterst\u00fctzung der Mandanten bei der Verwaltung und Erhaltung ihres Verm\u00f6gens, zu ihren Gunsten sowie zugunsten k\u00fcnftiger Generationen. Viele Mandanten unserer Kanzlei haben komplexe Gesch\u00e4ftsinteressen und Ihr Verm\u00f6gen ist weltweit verstreut. F\u00fcr sie agieren wir regelm\u00e4\u00dfig als einziger Kontaktpunkt und koordinieren ihre Rechtsangelegenheiten in verschiedenen Jurisdiktionen. Die Familliendynamik hat sich wesentlich ver\u00e4ndert in den letzten Jahrzehnten. Steigende Scheidungsraten, zivile Partnerschaften, mehr Kinder unverheirateter Paare, mehr zweit- und Drittfamilien; all das hat zu einem ausgefeilten und nuancierten Ansatz [&hellip;]\" \/>\n<meta property=\"og:url\" content=\"https:\/\/www.bucik-law.com\/private-client\/\" \/>\n<meta property=\"og:site_name\" content=\"Rechtsanwaltskanzlei Bucik\" \/>\n<meta property=\"article:modified_time\" content=\"2026-05-11T09:57:33+00:00\" \/>\n<meta name=\"twitter:card\" content=\"summary_large_image\" \/>\n<meta name=\"twitter:label1\" content=\"Gesch\u00e4tzte Lesezeit\" \/>\n\t<meta name=\"twitter:data1\" content=\"2 minutes\" \/>\n<script type=\"application\/ld+json\" class=\"yoast-schema-graph\">{\"@context\":\"https:\/\/schema.org\",\"@graph\":[{\"@type\":\"WebPage\",\"@id\":\"https:\/\/www.bucik-law.com\/private-client\/\",\"url\":\"https:\/\/www.bucik-law.com\/private-client\/\",\"name\":\"Rechtsanwaltskanzlei Bucik | Private Client\",\"isPartOf\":{\"@id\":\"https:\/\/www.bucik-law.com\/#website\"},\"datePublished\":\"2026-04-17T08:22:10+00:00\",\"dateModified\":\"2026-05-11T09:57:33+00:00\",\"breadcrumb\":{\"@id\":\"https:\/\/www.bucik-law.com\/private-client\/#breadcrumb\"},\"inLanguage\":\"de-DE\",\"potentialAction\":[{\"@type\":\"ReadAction\",\"target\":[\"https:\/\/www.bucik-law.com\/private-client\/\"]}]},{\"@type\":\"BreadcrumbList\",\"@id\":\"https:\/\/www.bucik-law.com\/private-client\/#breadcrumb\",\"itemListElement\":[{\"@type\":\"ListItem\",\"position\":1,\"name\":\"Home\",\"item\":\"https:\/\/www.bucik-law.com\/de\/\"},{\"@type\":\"ListItem\",\"position\":2,\"name\":\"Private Client\"}]},{\"@type\":\"WebSite\",\"@id\":\"https:\/\/www.bucik-law.com\/#website\",\"url\":\"https:\/\/www.bucik-law.com\/\",\"name\":\"Rechtsanwaltskanzlei Bucik\",\"description\":\"\",\"potentialAction\":[{\"@type\":\"SearchAction\",\"target\":{\"@type\":\"EntryPoint\",\"urlTemplate\":\"https:\/\/www.bucik-law.com\/?s={search_term_string}\"},\"query-input\":{\"@type\":\"PropertyValueSpecification\",\"valueRequired\":true,\"valueName\":\"search_term_string\"}}],\"inLanguage\":\"de-DE\"}]}<\/script>\n<!-- \/ Yoast SEO plugin. -->","yoast_head_json":{"title":"Rechtsanwaltskanzlei Bucik | Private Client","description":"Privatkunden standen schon immer im Mittelpunkt unserer Praxis. Seit Jahrzehnten bietet die Rechtsanwaltskanzlei Bucik kompetente und pragmatische Beratung f\u00fcr Privatpersonen und ihre Familien. Die Rechtsanwaltskanzlei Bucik ber\u00e4t in vielf\u00e4ltigen Bereichen,","robots":{"index":"index","follow":"follow","max-snippet":"max-snippet:-1","max-image-preview":"max-image-preview:large","max-video-preview":"max-video-preview:-1"},"canonical":"https:\/\/www.bucik-law.com\/private-client\/","og_locale":"de_DE","og_type":"article","og_title":"Rechtsanwaltskanzlei Bucik | Private Client","og_description":"[vc_row full_width=&#8221;stretch_row_content_no_spaces&#8221; el_class=&#8221;sp-page-title&#8221;][vc_column][\/vc_column][\/vc_row][vc_row][vc_column][vc_column_text css=&#8221;&#8221;] Privatkunden standen schon immer im Mittelpunkt unserer Praxis. Seit Jahrzehnten bietet die Rechtsanwaltskanzlei Bucik kompetente und pragmatische Beratung f\u00fcr Privatpersonen und ihre Familien. Die Rechtsanwaltskanzlei Bucik ber\u00e4t in vielf\u00e4ltigen Bereichen, die individuelle Kunden \u00a0betreffen. Das Kernelement unserer Arbeit ist die Unterst\u00fctzung der Mandanten bei der Verwaltung und Erhaltung ihres Verm\u00f6gens, zu ihren Gunsten sowie zugunsten k\u00fcnftiger Generationen. Viele Mandanten unserer Kanzlei haben komplexe Gesch\u00e4ftsinteressen und Ihr Verm\u00f6gen ist weltweit verstreut. F\u00fcr sie agieren wir regelm\u00e4\u00dfig als einziger Kontaktpunkt und koordinieren ihre Rechtsangelegenheiten in verschiedenen Jurisdiktionen. Die Familliendynamik hat sich wesentlich ver\u00e4ndert in den letzten Jahrzehnten. Steigende Scheidungsraten, zivile Partnerschaften, mehr Kinder unverheirateter Paare, mehr zweit- und Drittfamilien; all das hat zu einem ausgefeilten und nuancierten Ansatz [&hellip;]","og_url":"https:\/\/www.bucik-law.com\/private-client\/","og_site_name":"Rechtsanwaltskanzlei Bucik","article_modified_time":"2026-05-11T09:57:33+00:00","twitter_card":"summary_large_image","twitter_misc":{"Gesch\u00e4tzte Lesezeit":"2 minutes"},"schema":{"@context":"https:\/\/schema.org","@graph":[{"@type":"WebPage","@id":"https:\/\/www.bucik-law.com\/private-client\/","url":"https:\/\/www.bucik-law.com\/private-client\/","name":"Rechtsanwaltskanzlei Bucik | Private Client","isPartOf":{"@id":"https:\/\/www.bucik-law.com\/#website"},"datePublished":"2026-04-17T08:22:10+00:00","dateModified":"2026-05-11T09:57:33+00:00","breadcrumb":{"@id":"https:\/\/www.bucik-law.com\/private-client\/#breadcrumb"},"inLanguage":"de-DE","potentialAction":[{"@type":"ReadAction","target":["https:\/\/www.bucik-law.com\/private-client\/"]}]},{"@type":"BreadcrumbList","@id":"https:\/\/www.bucik-law.com\/private-client\/#breadcrumb","itemListElement":[{"@type":"ListItem","position":1,"name":"Home","item":"https:\/\/www.bucik-law.com\/de\/"},{"@type":"ListItem","position":2,"name":"Private Client"}]},{"@type":"WebSite","@id":"https:\/\/www.bucik-law.com\/#website","url":"https:\/\/www.bucik-law.com\/","name":"Rechtsanwaltskanzlei Bucik","description":"","potentialAction":[{"@type":"SearchAction","target":{"@type":"EntryPoint","urlTemplate":"https:\/\/www.bucik-law.com\/?s={search_term_string}"},"query-input":{"@type":"PropertyValueSpecification","valueRequired":true,"valueName":"search_term_string"}}],"inLanguage":"de-DE"}]}},"_links":{"self":[{"href":"https:\/\/www.bucik-law.com\/de\/wp-json\/wp\/v2\/pages\/687","targetHints":{"allow":["GET"]}}],"collection":[{"href":"https:\/\/www.bucik-law.com\/de\/wp-json\/wp\/v2\/pages"}],"about":[{"href":"https:\/\/www.bucik-law.com\/de\/wp-json\/wp\/v2\/types\/page"}],"author":[{"embeddable":true,"href":"https:\/\/www.bucik-law.com\/de\/wp-json\/wp\/v2\/users\/1"}],"replies":[{"embeddable":true,"href":"https:\/\/www.bucik-law.com\/de\/wp-json\/wp\/v2\/comments?post=687"}],"version-history":[{"count":0,"href":"https:\/\/www.bucik-law.com\/de\/wp-json\/wp\/v2\/pages\/687\/revisions"}],"wp:attachment":[{"href":"https:\/\/www.bucik-law.com\/de\/wp-json\/wp\/v2\/media?parent=687"}],"curies":[{"name":"wp","href":"https:\/\/api.w.org\/{rel}","templated":true}]}}