{"id":689,"date":"2026-04-17T10:22:10","date_gmt":"2026-04-17T08:22:10","guid":{"rendered":"https:\/\/www.bucik-law.com\/private-client\/"},"modified":"2026-05-08T08:10:30","modified_gmt":"2026-05-08T06:10:30","slug":"private-client","status":"publish","type":"page","link":"https:\/\/www.bucik-law.com\/it\/private-client\/","title":{"rendered":"Private client"},"content":{"rendered":"<div class=\"wpb-content-wrapper\"><p>[vc_row full_width=&#8221;stretch_row_content_no_spaces&#8221; el_class=&#8221;sp-page-title&#8221;][vc_column]\t\t\n\t\t<div class=\"title-banner\" style=\"background-image: linear-gradient(rgba(0, 0, 0, 0.0),rgba(0, 0, 0, 0.0)),url();\">\n\t\t\t<div class=\"container\">\n\t\t\t\t<div class=\"breadcrumbs-container\">\n\t\t\t\t\t\t<div class=\"breadcrumbs\">\n\t\t\t\t\t\t\t\n\t<ul class=\"ns-breadcrumbs\">\n\t\t\t<li><a href=\"https:\/\/www.bucik-law.com\/it\/\">Home<\/a><\/li>\n\t\t\t\t<li>Private client<\/li>\n\t<\/ul>\n\t\n\t\t\t\t\t\t\t\t<div class=\"clearfix\"><\/div>\n\t\t\t\t\t\t<\/div>\n\t\t\t\t<\/div>\n\t\t\t\t\t\t\t\t\t<h1 class=\"entry-title\">Private client<\/h1>\n\t\t\t\t\t\t\t<\/div>\n\t\t<\/div>\n\n\t\t[\/vc_column][\/vc_row][vc_row][vc_column][vc_column_text css=&#8221;&#8221;]I soggetti privati sono sempre stati al centro della nostra attivit\u00e0. Da oltre tre decenni lo Studio Legale Bucik assiste gli individui e le famiglie su questioni riguardanti i loro investimenti e le loro propriet\u00e0.<\/p>\n<p>La nostra consolidata professionalit\u00e0 ci consente di trovare soluzioni legali efficaci e innovative. Il principale obiettivo del nostro lavoro \u00e8 di salvaguardare la consistenza e la redditivit\u00e0 dei patrimoni, a beneficio dei clienti stessi e delle future generazioni.<\/p>\n<p>Molti clienti dello Studio hanno complessi interessi imprenditoriali con attivit\u00e0 in tutto il mondo. Frequentemente siamo punto di riferimento per i clienti internazionali; abbiamo le capacit\u00e0 e le competenze per poter coordinare le consulenze dalle varie giurisdizioni.<\/p>\n<p>Allo stesso tempo, le relazioni familiari sono cambiate considerevolmente negli ultimi anni. L&#8217;aumento di separazioni e divorzi, le famiglie di fatto, sempre pi\u00f9 figli nati fuori dal matrimonio, pi\u00f9 seconde o terze famiglie; tutto ha contribuito ad un approccio pi\u00f9 sofisticato e personalizzato alla gestione legale dei rapporti familiari[\/vc_column_text][vc_column_text css=&#8221;&#8221;]<\/p>\n<h3>I nostri servizi ai private client includono:<\/h3>\n<p>[\/vc_column_text][vc_row_inner][vc_column_inner el_class=&#8221;c1&#8243;][vc_column_text css=&#8221;&#8221;]<\/p>\n<ul>\n<li>Diritto trubutario, trust e pianificazione e strutturazione patrimoniale, societ\u00e0 offshore, holding e trust<\/li>\n<li>Propriet\u00e0 immobiliari, residenziali e commerciali<\/li>\n<li>Aerei, yacht e veicoli di lusso<\/li>\n<li>Governance e passaggio generazionale, pianificazione della successione aziendale<\/li>\n<li>Testamenti, successioni e controversie ereditarie<\/li>\n<li>Diritto di famiglia, diritto matrimoniale, separazione legale, divorzio e affidamento dei figli<\/li>\n<li>Gestione dei rapporti patrimoniali tra i coniugi<\/li>\n<li>Immigrazione, visti, residenza e cittadinanza<\/li>\n<li>Diritto del lavoro<\/li>\n<li>Risarcimento danni<\/li>\n<li>Difficolt\u00e0 finanziarie personali<\/li>\n<li>Diffamazione, protezione della reputazione, privacy e protezione dei dati personali<\/li>\n<li>Diritto penale, inclusi reati dei c.d. colletti bianchi (reati commerciali, societari, tributari, bancari, corruzione ecc); forniamo assistenza sia come difensori che come rappresentanti delle persone offese dal reato<\/li>\n<\/ul>\n<p>[\/vc_column_text][\/vc_column_inner][\/vc_row_inner][vc_column_text css=&#8221;&#8221;]Nei casi di contenzioso i clienti dello Studio possono contare sulla nostra considerevole esperienza nella risoluzione delle controversie. Il nostro obiettivo primario \u00e8 trovare la soluzione del problema; siamo in grado di affrontare effettivamente le questioni pi\u00f9 difficili o sensibili. Rappresentiamo i clienti sia in casi nazionali che internazionali, inclusa l\u2019assistenza in contenziosi complessi che coinvolgono pi\u00f9 giurisdizioni.[\/vc_column_text][\/vc_column][\/vc_row][vc_row][vc_column]          \n\n    \n        \n\n\n                <div class=\"subcat-wrap subcat-wrap-slider\" id=\"6a06e4ba856e9\">\n    \n\n                        <div class=\"subcat-cont\">\n              <div class=\"\">\n                <div>\n                    <a href=\"https:\/\/www.bucik-law.com\/it\/aree-di-pratica\/diritto-del-lavoro\/\" class=\"\">\n                      \n                      <div class=\"text\">\n                        <h3>Diritto del Lavoro<\/h3>                        <svg width=\"21\" height=\"21\" viewBox=\"0 0 21 21\" fill=\"none\" xmlns=\"http:\/\/www.w3.org\/2000\/svg\">\n<path d=\"M0.5 20.5L20.5 0.5M20.5 0.5V20.5M20.5 0.5H0.5\" stroke=\"#213A5D\" stroke-linecap=\"round\" stroke-linejoin=\"round\"\/>\n<\/svg>                      <\/div>\n                    \n                    <\/a> \n                <\/div>\n              <\/div>\n            <\/div>\n                        <div class=\"subcat-cont\">\n              <div class=\"\">\n                <div>\n                    <a href=\"https:\/\/www.bucik-law.com\/it\/aree-di-pratica\/diritto-delle-successioni\/\" class=\"\">\n                      \n                      <div class=\"text\">\n                        <h3>Diritto delle Successioni<\/h3>                        <svg width=\"21\" height=\"21\" viewBox=\"0 0 21 21\" fill=\"none\" xmlns=\"http:\/\/www.w3.org\/2000\/svg\">\n<path d=\"M0.5 20.5L20.5 0.5M20.5 0.5V20.5M20.5 0.5H0.5\" stroke=\"#213A5D\" stroke-linecap=\"round\" stroke-linejoin=\"round\"\/>\n<\/svg>                      <\/div>\n                    \n                    <\/a> \n                <\/div>\n              <\/div>\n            <\/div>\n                        <div class=\"subcat-cont\">\n              <div class=\"\">\n                <div>\n                    <a href=\"https:\/\/www.bucik-law.com\/it\/aree-di-pratica\/diritto-di-famiglia\/\" class=\"\">\n                      \n                      <div class=\"text\">\n                        <h3>Diritto di Famiglia<\/h3>                        <svg width=\"21\" height=\"21\" viewBox=\"0 0 21 21\" fill=\"none\" xmlns=\"http:\/\/www.w3.org\/2000\/svg\">\n<path d=\"M0.5 20.5L20.5 0.5M20.5 0.5V20.5M20.5 0.5H0.5\" stroke=\"#213A5D\" stroke-linecap=\"round\" stroke-linejoin=\"round\"\/>\n<\/svg>                      <\/div>\n                    \n                    <\/a> \n                <\/div>\n              <\/div>\n            <\/div>\n                        <div class=\"subcat-cont\">\n              <div class=\"\">\n                <div>\n                    <a href=\"https:\/\/www.bucik-law.com\/it\/aree-di-pratica\/diritto-immobiliare\/\" class=\"\">\n                      \n                      <div class=\"text\">\n                        <h3>Diritto Immobiliare e delle Costruzioni<\/h3>                        <svg width=\"21\" height=\"21\" viewBox=\"0 0 21 21\" fill=\"none\" xmlns=\"http:\/\/www.w3.org\/2000\/svg\">\n<path d=\"M0.5 20.5L20.5 0.5M20.5 0.5V20.5M20.5 0.5H0.5\" stroke=\"#213A5D\" stroke-linecap=\"round\" stroke-linejoin=\"round\"\/>\n<\/svg>                      <\/div>\n                    \n                    <\/a> \n                <\/div>\n              <\/div>\n            <\/div>\n                        <div class=\"subcat-cont\">\n              <div class=\"\">\n                <div>\n                    <a href=\"https:\/\/www.bucik-law.com\/it\/aree-di-pratica\/diritto-penale\/\" class=\"\">\n                      \n                      <div class=\"text\">\n                        <h3>Diritto Penale<\/h3>                        <svg width=\"21\" height=\"21\" viewBox=\"0 0 21 21\" fill=\"none\" xmlns=\"http:\/\/www.w3.org\/2000\/svg\">\n<path d=\"M0.5 20.5L20.5 0.5M20.5 0.5V20.5M20.5 0.5H0.5\" stroke=\"#213A5D\" stroke-linecap=\"round\" stroke-linejoin=\"round\"\/>\n<\/svg>                      <\/div>\n                    \n                    <\/a> \n                <\/div>\n              <\/div>\n            <\/div>\n                        <div class=\"subcat-cont\">\n              <div class=\"\">\n                <div>\n                    <a href=\"https:\/\/www.bucik-law.com\/it\/aree-di-pratica\/diritto-tributario\/\" class=\"\">\n                      \n                      <div class=\"text\">\n                        <h3>Diritto Tributario<\/h3>                        <svg width=\"21\" height=\"21\" viewBox=\"0 0 21 21\" fill=\"none\" xmlns=\"http:\/\/www.w3.org\/2000\/svg\">\n<path d=\"M0.5 20.5L20.5 0.5M20.5 0.5V20.5M20.5 0.5H0.5\" stroke=\"#213A5D\" stroke-linecap=\"round\" stroke-linejoin=\"round\"\/>\n<\/svg>                      <\/div>\n                    \n                    <\/a> \n                <\/div>\n              <\/div>\n            <\/div>\n                    <\/div>\n        \n\n\n\n\n  \n\n    \n        [\/vc_column][\/vc_row][vc_row][vc_column][vc_empty_space][\/vc_column][\/vc_row]<\/p>\n<\/div>","protected":false},"excerpt":{"rendered":"<p>[vc_row full_width=&#8221;stretch_row_content_no_spaces&#8221; el_class=&#8221;sp-page-title&#8221;][vc_column][\/vc_column][\/vc_row][vc_row][vc_column][vc_column_text css=&#8221;&#8221;]I soggetti privati sono sempre stati al centro della nostra attivit\u00e0. Da oltre tre decenni lo Studio Legale Bucik assiste gli individui e le famiglie su questioni riguardanti i loro investimenti e le loro propriet\u00e0. La nostra consolidata professionalit\u00e0 ci consente di trovare soluzioni legali efficaci e innovative. Il principale obiettivo del nostro lavoro \u00e8 di salvaguardare la consistenza e la redditivit\u00e0 dei patrimoni, a beneficio dei clienti stessi e delle future generazioni. Molti clienti dello Studio hanno complessi interessi imprenditoriali con attivit\u00e0 in tutto il mondo. Frequentemente siamo punto di riferimento per i clienti internazionali; abbiamo le capacit\u00e0 e le competenze per poter coordinare le consulenze dalle varie giurisdizioni. Allo stesso tempo, le relazioni familiari sono [&hellip;]<\/p>\n","protected":false},"author":1,"featured_media":0,"parent":0,"menu_order":3,"comment_status":"closed","ping_status":"closed","template":"","meta":{"_acf_changed":false,"footnotes":""},"class_list":["post-689","page","type-page","status-publish","hentry"],"acf":[],"yoast_head":"<!-- This site is optimized with the Yoast SEO plugin v24.4 - https:\/\/yoast.com\/wordpress\/plugins\/seo\/ -->\n<title>Studio Legale Bucik | Private client<\/title>\n<meta name=\"description\" content=\"I soggetti privati sono sempre stati al centro della nostra attivit\u00e0. Da oltre tre decenni lo Studio Legale Bucik assiste gli individui e le famiglie su questioni riguardanti i loro\" \/>\n<meta name=\"robots\" content=\"index, follow, max-snippet:-1, max-image-preview:large, max-video-preview:-1\" \/>\n<link rel=\"canonical\" href=\"https:\/\/www.bucik-law.com\/private-client\/\" \/>\n<meta property=\"og:locale\" content=\"it_IT\" \/>\n<meta property=\"og:type\" content=\"article\" \/>\n<meta property=\"og:title\" content=\"Studio Legale Bucik | Private client\" \/>\n<meta property=\"og:description\" content=\"[vc_row full_width=&#8221;stretch_row_content_no_spaces&#8221; el_class=&#8221;sp-page-title&#8221;][vc_column][\/vc_column][\/vc_row][vc_row][vc_column][vc_column_text css=&#8221;&#8221;]I soggetti privati sono sempre stati al centro della nostra attivit\u00e0. Da oltre tre decenni lo Studio Legale Bucik assiste gli individui e le famiglie su questioni riguardanti i loro investimenti e le loro propriet\u00e0. La nostra consolidata professionalit\u00e0 ci consente di trovare soluzioni legali efficaci e innovative. Il principale obiettivo del nostro lavoro \u00e8 di salvaguardare la consistenza e la redditivit\u00e0 dei patrimoni, a beneficio dei clienti stessi e delle future generazioni. Molti clienti dello Studio hanno complessi interessi imprenditoriali con attivit\u00e0 in tutto il mondo. Frequentemente siamo punto di riferimento per i clienti internazionali; abbiamo le capacit\u00e0 e le competenze per poter coordinare le consulenze dalle varie giurisdizioni. Allo stesso tempo, le relazioni familiari sono [&hellip;]\" \/>\n<meta property=\"og:url\" content=\"https:\/\/www.bucik-law.com\/private-client\/\" \/>\n<meta property=\"og:site_name\" content=\"Studio Legale Bucik\" \/>\n<meta property=\"article:modified_time\" content=\"2026-05-08T06:10:30+00:00\" \/>\n<meta name=\"twitter:card\" content=\"summary_large_image\" \/>\n<meta name=\"twitter:label1\" content=\"Tempo di lettura stimato\" \/>\n\t<meta name=\"twitter:data1\" content=\"2 minutes\" \/>\n<script type=\"application\/ld+json\" class=\"yoast-schema-graph\">{\"@context\":\"https:\/\/schema.org\",\"@graph\":[{\"@type\":\"WebPage\",\"@id\":\"https:\/\/www.bucik-law.com\/private-client\/\",\"url\":\"https:\/\/www.bucik-law.com\/private-client\/\",\"name\":\"Studio Legale Bucik | Private client\",\"isPartOf\":{\"@id\":\"https:\/\/www.bucik-law.com\/#website\"},\"datePublished\":\"2026-04-17T08:22:10+00:00\",\"dateModified\":\"2026-05-08T06:10:30+00:00\",\"breadcrumb\":{\"@id\":\"https:\/\/www.bucik-law.com\/private-client\/#breadcrumb\"},\"inLanguage\":\"it-IT\",\"potentialAction\":[{\"@type\":\"ReadAction\",\"target\":[\"https:\/\/www.bucik-law.com\/private-client\/\"]}]},{\"@type\":\"BreadcrumbList\",\"@id\":\"https:\/\/www.bucik-law.com\/private-client\/#breadcrumb\",\"itemListElement\":[{\"@type\":\"ListItem\",\"position\":1,\"name\":\"Home\",\"item\":\"https:\/\/www.bucik-law.com\/it\/\"},{\"@type\":\"ListItem\",\"position\":2,\"name\":\"Private client\"}]},{\"@type\":\"WebSite\",\"@id\":\"https:\/\/www.bucik-law.com\/#website\",\"url\":\"https:\/\/www.bucik-law.com\/\",\"name\":\"Studio Legale Bucik\",\"description\":\"\",\"potentialAction\":[{\"@type\":\"SearchAction\",\"target\":{\"@type\":\"EntryPoint\",\"urlTemplate\":\"https:\/\/www.bucik-law.com\/?s={search_term_string}\"},\"query-input\":{\"@type\":\"PropertyValueSpecification\",\"valueRequired\":true,\"valueName\":\"search_term_string\"}}],\"inLanguage\":\"it-IT\"}]}<\/script>\n<!-- \/ Yoast SEO plugin. -->","yoast_head_json":{"title":"Studio Legale Bucik | Private client","description":"I soggetti privati sono sempre stati al centro della nostra attivit\u00e0. Da oltre tre decenni lo Studio Legale Bucik assiste gli individui e le famiglie su questioni riguardanti i loro","robots":{"index":"index","follow":"follow","max-snippet":"max-snippet:-1","max-image-preview":"max-image-preview:large","max-video-preview":"max-video-preview:-1"},"canonical":"https:\/\/www.bucik-law.com\/private-client\/","og_locale":"it_IT","og_type":"article","og_title":"Studio Legale Bucik | Private client","og_description":"[vc_row full_width=&#8221;stretch_row_content_no_spaces&#8221; el_class=&#8221;sp-page-title&#8221;][vc_column][\/vc_column][\/vc_row][vc_row][vc_column][vc_column_text css=&#8221;&#8221;]I soggetti privati sono sempre stati al centro della nostra attivit\u00e0. Da oltre tre decenni lo Studio Legale Bucik assiste gli individui e le famiglie su questioni riguardanti i loro investimenti e le loro propriet\u00e0. La nostra consolidata professionalit\u00e0 ci consente di trovare soluzioni legali efficaci e innovative. Il principale obiettivo del nostro lavoro \u00e8 di salvaguardare la consistenza e la redditivit\u00e0 dei patrimoni, a beneficio dei clienti stessi e delle future generazioni. Molti clienti dello Studio hanno complessi interessi imprenditoriali con attivit\u00e0 in tutto il mondo. Frequentemente siamo punto di riferimento per i clienti internazionali; abbiamo le capacit\u00e0 e le competenze per poter coordinare le consulenze dalle varie giurisdizioni. Allo stesso tempo, le relazioni familiari sono [&hellip;]","og_url":"https:\/\/www.bucik-law.com\/private-client\/","og_site_name":"Studio Legale Bucik","article_modified_time":"2026-05-08T06:10:30+00:00","twitter_card":"summary_large_image","twitter_misc":{"Tempo di lettura stimato":"2 minutes"},"schema":{"@context":"https:\/\/schema.org","@graph":[{"@type":"WebPage","@id":"https:\/\/www.bucik-law.com\/private-client\/","url":"https:\/\/www.bucik-law.com\/private-client\/","name":"Studio Legale Bucik | Private client","isPartOf":{"@id":"https:\/\/www.bucik-law.com\/#website"},"datePublished":"2026-04-17T08:22:10+00:00","dateModified":"2026-05-08T06:10:30+00:00","breadcrumb":{"@id":"https:\/\/www.bucik-law.com\/private-client\/#breadcrumb"},"inLanguage":"it-IT","potentialAction":[{"@type":"ReadAction","target":["https:\/\/www.bucik-law.com\/private-client\/"]}]},{"@type":"BreadcrumbList","@id":"https:\/\/www.bucik-law.com\/private-client\/#breadcrumb","itemListElement":[{"@type":"ListItem","position":1,"name":"Home","item":"https:\/\/www.bucik-law.com\/it\/"},{"@type":"ListItem","position":2,"name":"Private client"}]},{"@type":"WebSite","@id":"https:\/\/www.bucik-law.com\/#website","url":"https:\/\/www.bucik-law.com\/","name":"Studio Legale Bucik","description":"","potentialAction":[{"@type":"SearchAction","target":{"@type":"EntryPoint","urlTemplate":"https:\/\/www.bucik-law.com\/?s={search_term_string}"},"query-input":{"@type":"PropertyValueSpecification","valueRequired":true,"valueName":"search_term_string"}}],"inLanguage":"it-IT"}]}},"_links":{"self":[{"href":"https:\/\/www.bucik-law.com\/it\/wp-json\/wp\/v2\/pages\/689","targetHints":{"allow":["GET"]}}],"collection":[{"href":"https:\/\/www.bucik-law.com\/it\/wp-json\/wp\/v2\/pages"}],"about":[{"href":"https:\/\/www.bucik-law.com\/it\/wp-json\/wp\/v2\/types\/page"}],"author":[{"embeddable":true,"href":"https:\/\/www.bucik-law.com\/it\/wp-json\/wp\/v2\/users\/1"}],"replies":[{"embeddable":true,"href":"https:\/\/www.bucik-law.com\/it\/wp-json\/wp\/v2\/comments?post=689"}],"version-history":[{"count":0,"href":"https:\/\/www.bucik-law.com\/it\/wp-json\/wp\/v2\/pages\/689\/revisions"}],"wp:attachment":[{"href":"https:\/\/www.bucik-law.com\/it\/wp-json\/wp\/v2\/media?parent=689"}],"curies":[{"name":"wp","href":"https:\/\/api.w.org\/{rel}","templated":true}]}}