{"id":662,"date":"2026-04-20T11:31:56","date_gmt":"2026-04-20T09:31:56","guid":{"rendered":"https:\/\/www.bucik-law.com\/employment-law\/"},"modified":"2026-05-07T10:51:00","modified_gmt":"2026-05-07T08:51:00","slug":"delovno-pravo","status":"publish","type":"page","link":"https:\/\/www.bucik-law.com\/sl\/podrocja-delovanja\/delovno-pravo\/","title":{"rendered":"Delovno pravo"},"content":{"rendered":"<div class=\"wpb-content-wrapper\"><p>[vc_row full_width=&#8221;stretch_row_content_no_spaces&#8221; el_class=&#8221;sp-page-title&#8221;][vc_column]\t\t\n\t\t<div class=\"title-banner\" style=\"background-image: linear-gradient(rgba(0, 0, 0, 0.0),rgba(0, 0, 0, 0.0)),url();\">\n\t\t\t<div class=\"container\">\n\t\t\t\t<div class=\"breadcrumbs-container\">\n\t\t\t\t\t\t<div class=\"breadcrumbs\">\n\t\t\t\t\t\t\t\n\t<ul class=\"ns-breadcrumbs\">\n\t\t\t<li><a href=\"https:\/\/www.bucik-law.com\/sl\/\">Home<\/a><\/li>\n\t\t\t\t\t<li><a href=\"https:\/\/www.bucik-law.com\/sl\/podrocja-delovanja\/\">Podro\u010dja delovanja<\/a><\/li>\n\t\t\t\t<li>Delovno pravo<\/li>\n\t<\/ul>\n\t\n\t\t\t\t\t\t\t\t<div class=\"clearfix\"><\/div>\n\t\t\t\t\t\t<\/div>\n\t\t\t\t<\/div>\n\t\t\t\t\t\t\t<\/div>\n\t\t<\/div>\n\n\t\t[\/vc_column][\/vc_row][vc_row gap=&#8221;15&#8243;][vc_column width=&#8221;1\/4&#8243;]\t\n\t\t<nav class=\" sidenav \">\n\t\t<a href=\"https:\/\/www.bucik-law.com\/sl\/podrocja-delovanja\/\" class=\"sidenav-title \"><h2>Podro\u010dja delovanja<\/h2><\/a>\n\t\t<ul>\n\t\t<li class=\"page_item page-item-682\"><a href=\"https:\/\/www.bucik-law.com\/sl\/podrocja-delovanja\/bancno-in-financno-pravo\/\">Ban\u010dno in finan\u010dno pravo, kapitalski trgi<\/a><\/li>\n<li class=\"page_item page-item-630\"><a href=\"https:\/\/www.bucik-law.com\/sl\/podrocja-delovanja\/davcno-pravo\/\">Dav\u010dno pravo<\/a><\/li>\n<li class=\"page_item page-item-614\"><a href=\"https:\/\/www.bucik-law.com\/sl\/podrocja-delovanja\/dedno-pravo\/\">Dedno pravo<\/a><\/li>\n<li class=\"page_item page-item-662\"><a href=\"https:\/\/www.bucik-law.com\/sl\/podrocja-delovanja\/delovno-pravo\/\">Delovno pravo<\/a><\/li>\n<li class=\"page_item page-item-618\"><a href=\"https:\/\/www.bucik-law.com\/sl\/podrocja-delovanja\/druzinsko-pravo\/\">Dru\u017einsko pravo<\/a><\/li>\n<li class=\"page_item page-item-658\"><a href=\"https:\/\/www.bucik-law.com\/sl\/podrocja-delovanja\/pravo-eu\/\">Evropsko pravo (Pravo EU)<\/a><\/li>\n<li class=\"page_item page-item-678\"><a href=\"https:\/\/www.bucik-law.com\/sl\/podrocja-delovanja\/gospodarsko-pravo\/\">Gospodarsko pravo<\/a><\/li>\n<li class=\"page_item page-item-650\"><a href=\"https:\/\/www.bucik-law.com\/sl\/podrocja-delovanja\/intelektualna-lastnina\/\">Intelektualna lastnina<\/a><\/li>\n<li class=\"page_item page-item-674\"><a href=\"https:\/\/www.bucik-law.com\/sl\/podrocja-delovanja\/korporacijsko-pravo\/\">Korporacijsko pravo &#8211; pravo gospodarskih dru\u017eb<\/a><\/li>\n<li class=\"page_item page-item-670\"><a href=\"https:\/\/www.bucik-law.com\/sl\/podrocja-delovanja\/kazensko-pravo\/\">Kazensko pravo<\/a><\/li>\n<li class=\"page_item page-item-638\"><a href=\"https:\/\/www.bucik-law.com\/sl\/podrocja-delovanja\/nepremicnine-in-gradbenistvo\/\">Nepremi\u010dnine in gradbeni\u0161tvo<\/a><\/li>\n<li class=\"page_item page-item-634\"><a href=\"https:\/\/www.bucik-law.com\/sl\/podrocja-delovanja\/prestrukturiranje-insolventnost-stecaj\/\">Prestrukturiranje, insolven\u010dno in ste\u010dajno pravo<\/a><\/li>\n<li class=\"page_item page-item-666\"><a href=\"https:\/\/www.bucik-law.com\/sl\/podrocja-delovanja\/resevanje-sporov\/\">Re\u0161evanje sporov, zastopanje pred sodi\u0161\u010di in arbitra\u017eami<\/a><\/li>\n<li class=\"page_item page-item-626\"><a href=\"https:\/\/www.bucik-law.com\/sl\/podrocja-delovanja\/transportno-pravo\/\">Transportno pravo<\/a><\/li>\n<li class=\"page_item page-item-654\"><a href=\"https:\/\/www.bucik-law.com\/sl\/podrocja-delovanja\/zavarovalno-in-odskodninsko-pravo\/\">Zavarovalno in od\u0161kodninsko pravo<\/a><\/li>\n<li class=\"page_item page-item-642\"><a href=\"https:\/\/www.bucik-law.com\/sl\/podrocja-delovanja\/zdruzitve-prevzem\/\">Zdru\u017eitve in prevzemi (M&#038;A)<\/a><\/li>\n\t   \t<\/ul>\n\t<\/nav>\n\t\n\t[\/vc_column][vc_column width=&#8221;3\/4&#8243;]\n\t\t<div class=\"title-banner product-title-banner\" style=\"background-image: url();\">\n\t\t\t<div class=\"container\">\n\t\t\t\t<h1 class=\"entry-title\">Delovno pravo<\/h1>\n\n\t\t\t\t\t\t\t<\/div>\n\t\t<\/div>\n\n\t\t[vc_column_text css=&#8221;&#8221;]Podjetje naredijo ljudje. Odvetni\u0161ka pisarna Bucik nudi pravno pomo\u010d delodajalcem in delojemalcem pri sklenitvi, trajanju in prenehanju delovnega razmerja ter zaposlitve.<\/p>\n<p>V Odvetni\u0161ki pisarni Bucik sestavljamo splo\u0161ne akte o zaposlovanju in delovnih razmerjih gospodarskih dru\u017eb in drugih pravnih oseb, preverjamo in usklajujemo kodekse obna\u0161anja multinacionalk z nacionalno zakonodajo, sestavljamo pogodbe o zaposlitvi, pogodbe o delu ter individualne pogodbe o zaposlitvi za direktorje in managerje.<\/p>\n<p>Odvetniki Odvetni\u0161ke pisarne Bucik svetujemo in posredujemo pri razre\u0161evanju sporov iz delovnih razmerij ter prenehanju pogodb o zaposlitvi.<\/p>\n<p>Stranke zastopamo pred vsemi sodi\u0161\u010di in drugimi dr\u017eavnimi organi.[\/vc_column_text][vc_separator css=&#8221;&#8221;][vc_column_text css=&#8221;&#8221; el_class=&#8221;custom-bullets&#8221;]<\/p>\n<h2>Nekatere izbrane zadeve iz prakse na\u0161e odvetni\u0161ke pisarne na podro\u010dju delovnega prava:<\/h2>\n<ul>\n<li>Zastopanje delavcev slovenskega podjetja, dr\u017eavljanov tretjih dr\u017eav, na delu v Nem\u010diji brez Vander Elst vize, v upravnih postopkih zaradi odstranitve iz Nem\u010dije in prepovedi vstopa v Nem\u010dijo.<\/li>\n<li>Zagovarjanje direktorice slovenskega gradbenega podjetja v preiskavi nem\u0161kih organov kazenskega pregona zaradi pomo\u010di pri kr\u0161itvi pravic delavcev v posebno hudih primerih v zvezi z napotitvami delavcev na delo iz Slovenije v Nem\u010dijo.<\/li>\n<li>Svetovanje in zastopanje nem\u0161kega gradbenega podjetnika pri ustanovitvi podjetja v Sloveniji in izvajanju gradbene dejavnosti v Sloveniji in Nem\u010diji, ki je zajemalo gradbeno, korporacijsko, gospodarsko, delovno, EU in migracijsko pravo, kot tudi finan\u010dno in dav\u010dno pravo.<\/li>\n<li>Zastopanje slovenskega podjetja v delovnopravnem sporu pred delovnim sodi\u0161\u010dem v Nem\u010diji, kjer je to\u017enik, nem\u0161ki dr\u017eavljan, s podjetjem sklenil pogodbo o zunanjem izvajanju storitev (outsourcing services contract), nato pa zahteval ugotovitev obstoja delovnega razmerja pri podjetju, z vsemi pravicami iz delovnega razmerja.<\/li>\n<li>Svetovanje italijanskim podjetnikom pri ustanovitvi podjetja za najem luksuznih avtomobilov v Sloveniji in ustanovitve podru\u017enice v Italiji na podlagi temeljne svobo\u0161\u010dine EU do prostega pretoka storitev. Storitve pisarne so zajemale sestavo dru\u017ebene pogodbe, zastopanje na skup\u0161\u010dini dru\u017ebenikov, vpis dru\u017ebe v sodni register, sestavo pogodb o zaposlitvi ter svetovanje na podro\u010dju transportnega, gospodarskega in dav\u010dnega prava.<\/li>\n<li>Svetovanje mednarodnemu holdingu s sede\u017eem v Avstriji pri prevzemu gradbenega podjetja v Sloveniji, Na\u0161e storitve so vklju\u00f6evale svetovanje na podro\u010dju gospodarskega in korporativnega prava, prava intelektualne lastnine, nepremi\u010dninskega prava, finan\u010dnega in dav\u010dnega prava ter delovnega prava.<\/li>\n<\/ul>\n<p>[\/vc_column_text][\/vc_column][\/vc_row]<\/p>\n<\/div>","protected":false},"excerpt":{"rendered":"<p>[vc_row full_width=&#8221;stretch_row_content_no_spaces&#8221; el_class=&#8221;sp-page-title&#8221;][vc_column][\/vc_column][\/vc_row][vc_row gap=&#8221;15&#8243;][vc_column width=&#8221;1\/4&#8243;][\/vc_column][vc_column width=&#8221;3\/4&#8243;][vc_column_text css=&#8221;&#8221;]Podjetje naredijo ljudje. Odvetni\u0161ka pisarna Bucik nudi pravno pomo\u010d delodajalcem in delojemalcem pri sklenitvi, trajanju in prenehanju delovnega razmerja ter zaposlitve. V Odvetni\u0161ki pisarni Bucik sestavljamo splo\u0161ne akte o zaposlovanju in delovnih razmerjih gospodarskih dru\u017eb in drugih pravnih oseb, preverjamo in usklajujemo kodekse obna\u0161anja multinacionalk z nacionalno zakonodajo, sestavljamo pogodbe o zaposlitvi, pogodbe o delu ter individualne pogodbe o zaposlitvi za direktorje in managerje. Odvetniki Odvetni\u0161ke pisarne Bucik svetujemo in posredujemo pri razre\u0161evanju sporov iz delovnih razmerij ter prenehanju pogodb o zaposlitvi. Stranke zastopamo pred vsemi sodi\u0161\u010di in drugimi dr\u017eavnimi organi.[\/vc_column_text][vc_separator css=&#8221;&#8221;][vc_column_text css=&#8221;&#8221; el_class=&#8221;custom-bullets&#8221;] Nekatere izbrane zadeve iz prakse na\u0161e odvetni\u0161ke pisarne na podro\u010dju delovnega prava: Zastopanje delavcev slovenskega podjetja, dr\u017eavljanov tretjih dr\u017eav, na [&hellip;]<\/p>\n","protected":false},"author":1,"featured_media":0,"parent":706,"menu_order":3,"comment_status":"closed","ping_status":"closed","template":"","meta":{"_acf_changed":false,"footnotes":""},"class_list":["post-662","page","type-page","status-publish","hentry"],"acf":[],"yoast_head":"<!-- This site is optimized with the Yoast SEO plugin v24.4 - https:\/\/yoast.com\/wordpress\/plugins\/seo\/ -->\n<title>Odvetni\u0161ka pisarna Bucik | Delovno pravo<\/title>\n<meta name=\"description\" content=\"Podjetje naredijo ljudje. Odvetni\u0161ka pisarna Bucik nudi pravno pomo\u010d delodajalcem in delojemalcem pri sklenitvi, trajanju in prenehanju delovnega razmerja ter zaposlitve. V Odvetni\u0161ki pisarni Bucik sestavljamo splo\u0161ne akte o zaposlovanju\" \/>\n<meta name=\"robots\" content=\"index, follow, max-snippet:-1, max-image-preview:large, max-video-preview:-1\" \/>\n<link rel=\"canonical\" href=\"https:\/\/www.bucik-law.com\/practice-areas\/employment-law\/\" \/>\n<meta property=\"og:locale\" content=\"sl_SI\" \/>\n<meta property=\"og:type\" content=\"article\" \/>\n<meta property=\"og:title\" content=\"Odvetni\u0161ka pisarna Bucik | Delovno pravo\" \/>\n<meta property=\"og:description\" content=\"[vc_row full_width=&#8221;stretch_row_content_no_spaces&#8221; el_class=&#8221;sp-page-title&#8221;][vc_column][\/vc_column][\/vc_row][vc_row gap=&#8221;15&#8243;][vc_column width=&#8221;1\/4&#8243;][\/vc_column][vc_column width=&#8221;3\/4&#8243;][vc_column_text css=&#8221;&#8221;]Podjetje naredijo ljudje. Odvetni\u0161ka pisarna Bucik nudi pravno pomo\u010d delodajalcem in delojemalcem pri sklenitvi, trajanju in prenehanju delovnega razmerja ter zaposlitve. V Odvetni\u0161ki pisarni Bucik sestavljamo splo\u0161ne akte o zaposlovanju in delovnih razmerjih gospodarskih dru\u017eb in drugih pravnih oseb, preverjamo in usklajujemo kodekse obna\u0161anja multinacionalk z nacionalno zakonodajo, sestavljamo pogodbe o zaposlitvi, pogodbe o delu ter individualne pogodbe o zaposlitvi za direktorje in managerje. Odvetniki Odvetni\u0161ke pisarne Bucik svetujemo in posredujemo pri razre\u0161evanju sporov iz delovnih razmerij ter prenehanju pogodb o zaposlitvi. Stranke zastopamo pred vsemi sodi\u0161\u010di in drugimi dr\u017eavnimi organi.[\/vc_column_text][vc_separator css=&#8221;&#8221;][vc_column_text css=&#8221;&#8221; el_class=&#8221;custom-bullets&#8221;] Nekatere izbrane zadeve iz prakse na\u0161e odvetni\u0161ke pisarne na podro\u010dju delovnega prava: Zastopanje delavcev slovenskega podjetja, dr\u017eavljanov tretjih dr\u017eav, na [&hellip;]\" \/>\n<meta property=\"og:url\" content=\"https:\/\/www.bucik-law.com\/practice-areas\/employment-law\/\" \/>\n<meta property=\"og:site_name\" content=\"Odvetni\u0161ka pisarna Bucik\" \/>\n<meta property=\"article:modified_time\" content=\"2026-05-07T08:51:00+00:00\" \/>\n<meta name=\"twitter:card\" content=\"summary_large_image\" \/>\n<meta name=\"twitter:label1\" content=\"Est. reading time\" \/>\n\t<meta name=\"twitter:data1\" content=\"2 minuti\" \/>\n<script type=\"application\/ld+json\" class=\"yoast-schema-graph\">{\"@context\":\"https:\/\/schema.org\",\"@graph\":[{\"@type\":\"WebPage\",\"@id\":\"https:\/\/www.bucik-law.com\/practice-areas\/employment-law\/\",\"url\":\"https:\/\/www.bucik-law.com\/practice-areas\/employment-law\/\",\"name\":\"Odvetni\u0161ka pisarna Bucik | Delovno pravo\",\"isPartOf\":{\"@id\":\"https:\/\/www.bucik-law.com\/#website\"},\"datePublished\":\"2026-04-20T09:31:56+00:00\",\"dateModified\":\"2026-05-07T08:51:00+00:00\",\"breadcrumb\":{\"@id\":\"https:\/\/www.bucik-law.com\/practice-areas\/employment-law\/#breadcrumb\"},\"inLanguage\":\"sl-SI\",\"potentialAction\":[{\"@type\":\"ReadAction\",\"target\":[\"https:\/\/www.bucik-law.com\/practice-areas\/employment-law\/\"]}]},{\"@type\":\"BreadcrumbList\",\"@id\":\"https:\/\/www.bucik-law.com\/practice-areas\/employment-law\/#breadcrumb\",\"itemListElement\":[{\"@type\":\"ListItem\",\"position\":1,\"name\":\"Home\",\"item\":\"https:\/\/www.bucik-law.com\/sl\/\"},{\"@type\":\"ListItem\",\"position\":2,\"name\":\"Podro\u010dja delovanja\",\"item\":\"https:\/\/www.bucik-law.com\/practice-areas\/\"},{\"@type\":\"ListItem\",\"position\":3,\"name\":\"Delovno pravo\"}]},{\"@type\":\"WebSite\",\"@id\":\"https:\/\/www.bucik-law.com\/#website\",\"url\":\"https:\/\/www.bucik-law.com\/\",\"name\":\"Odvetni\u0161ka pisarna Bucik\",\"description\":\"\",\"potentialAction\":[{\"@type\":\"SearchAction\",\"target\":{\"@type\":\"EntryPoint\",\"urlTemplate\":\"https:\/\/www.bucik-law.com\/?s={search_term_string}\"},\"query-input\":{\"@type\":\"PropertyValueSpecification\",\"valueRequired\":true,\"valueName\":\"search_term_string\"}}],\"inLanguage\":\"sl-SI\"}]}<\/script>\n<!-- \/ Yoast SEO plugin. -->","yoast_head_json":{"title":"Odvetni\u0161ka pisarna Bucik | Delovno pravo","description":"Podjetje naredijo ljudje. Odvetni\u0161ka pisarna Bucik nudi pravno pomo\u010d delodajalcem in delojemalcem pri sklenitvi, trajanju in prenehanju delovnega razmerja ter zaposlitve. V Odvetni\u0161ki pisarni Bucik sestavljamo splo\u0161ne akte o zaposlovanju","robots":{"index":"index","follow":"follow","max-snippet":"max-snippet:-1","max-image-preview":"max-image-preview:large","max-video-preview":"max-video-preview:-1"},"canonical":"https:\/\/www.bucik-law.com\/practice-areas\/employment-law\/","og_locale":"sl_SI","og_type":"article","og_title":"Odvetni\u0161ka pisarna Bucik | Delovno pravo","og_description":"[vc_row full_width=&#8221;stretch_row_content_no_spaces&#8221; el_class=&#8221;sp-page-title&#8221;][vc_column][\/vc_column][\/vc_row][vc_row gap=&#8221;15&#8243;][vc_column width=&#8221;1\/4&#8243;][\/vc_column][vc_column width=&#8221;3\/4&#8243;][vc_column_text css=&#8221;&#8221;]Podjetje naredijo ljudje. Odvetni\u0161ka pisarna Bucik nudi pravno pomo\u010d delodajalcem in delojemalcem pri sklenitvi, trajanju in prenehanju delovnega razmerja ter zaposlitve. V Odvetni\u0161ki pisarni Bucik sestavljamo splo\u0161ne akte o zaposlovanju in delovnih razmerjih gospodarskih dru\u017eb in drugih pravnih oseb, preverjamo in usklajujemo kodekse obna\u0161anja multinacionalk z nacionalno zakonodajo, sestavljamo pogodbe o zaposlitvi, pogodbe o delu ter individualne pogodbe o zaposlitvi za direktorje in managerje. Odvetniki Odvetni\u0161ke pisarne Bucik svetujemo in posredujemo pri razre\u0161evanju sporov iz delovnih razmerij ter prenehanju pogodb o zaposlitvi. Stranke zastopamo pred vsemi sodi\u0161\u010di in drugimi dr\u017eavnimi organi.[\/vc_column_text][vc_separator css=&#8221;&#8221;][vc_column_text css=&#8221;&#8221; el_class=&#8221;custom-bullets&#8221;] Nekatere izbrane zadeve iz prakse na\u0161e odvetni\u0161ke pisarne na podro\u010dju delovnega prava: Zastopanje delavcev slovenskega podjetja, dr\u017eavljanov tretjih dr\u017eav, na [&hellip;]","og_url":"https:\/\/www.bucik-law.com\/practice-areas\/employment-law\/","og_site_name":"Odvetni\u0161ka pisarna Bucik","article_modified_time":"2026-05-07T08:51:00+00:00","twitter_card":"summary_large_image","twitter_misc":{"Est. reading time":"2 minuti"},"schema":{"@context":"https:\/\/schema.org","@graph":[{"@type":"WebPage","@id":"https:\/\/www.bucik-law.com\/practice-areas\/employment-law\/","url":"https:\/\/www.bucik-law.com\/practice-areas\/employment-law\/","name":"Odvetni\u0161ka pisarna Bucik | Delovno pravo","isPartOf":{"@id":"https:\/\/www.bucik-law.com\/#website"},"datePublished":"2026-04-20T09:31:56+00:00","dateModified":"2026-05-07T08:51:00+00:00","breadcrumb":{"@id":"https:\/\/www.bucik-law.com\/practice-areas\/employment-law\/#breadcrumb"},"inLanguage":"sl-SI","potentialAction":[{"@type":"ReadAction","target":["https:\/\/www.bucik-law.com\/practice-areas\/employment-law\/"]}]},{"@type":"BreadcrumbList","@id":"https:\/\/www.bucik-law.com\/practice-areas\/employment-law\/#breadcrumb","itemListElement":[{"@type":"ListItem","position":1,"name":"Home","item":"https:\/\/www.bucik-law.com\/sl\/"},{"@type":"ListItem","position":2,"name":"Podro\u010dja delovanja","item":"https:\/\/www.bucik-law.com\/practice-areas\/"},{"@type":"ListItem","position":3,"name":"Delovno pravo"}]},{"@type":"WebSite","@id":"https:\/\/www.bucik-law.com\/#website","url":"https:\/\/www.bucik-law.com\/","name":"Odvetni\u0161ka pisarna Bucik","description":"","potentialAction":[{"@type":"SearchAction","target":{"@type":"EntryPoint","urlTemplate":"https:\/\/www.bucik-law.com\/?s={search_term_string}"},"query-input":{"@type":"PropertyValueSpecification","valueRequired":true,"valueName":"search_term_string"}}],"inLanguage":"sl-SI"}]}},"_links":{"self":[{"href":"https:\/\/www.bucik-law.com\/sl\/wp-json\/wp\/v2\/pages\/662","targetHints":{"allow":["GET"]}}],"collection":[{"href":"https:\/\/www.bucik-law.com\/sl\/wp-json\/wp\/v2\/pages"}],"about":[{"href":"https:\/\/www.bucik-law.com\/sl\/wp-json\/wp\/v2\/types\/page"}],"author":[{"embeddable":true,"href":"https:\/\/www.bucik-law.com\/sl\/wp-json\/wp\/v2\/users\/1"}],"replies":[{"embeddable":true,"href":"https:\/\/www.bucik-law.com\/sl\/wp-json\/wp\/v2\/comments?post=662"}],"version-history":[{"count":0,"href":"https:\/\/www.bucik-law.com\/sl\/wp-json\/wp\/v2\/pages\/662\/revisions"}],"up":[{"embeddable":true,"href":"https:\/\/www.bucik-law.com\/sl\/wp-json\/wp\/v2\/pages\/706"}],"wp:attachment":[{"href":"https:\/\/www.bucik-law.com\/sl\/wp-json\/wp\/v2\/media?parent=662"}],"curies":[{"name":"wp","href":"https:\/\/api.w.org\/{rel}","templated":true}]}}